{"id":9401,"date":"2020-09-16T09:56:23","date_gmt":"2020-09-16T09:56:23","guid":{"rendered":"https:\/\/solidsoft-tray.com\/?page_id=9401"},"modified":"2021-01-18T11:19:19","modified_gmt":"2021-01-18T11:19:19","slug":"politique-de-cookies","status":"publish","type":"page","link":"https:\/\/solidsoft-tray.com\/fr\/politique-de-cookies\/","title":{"rendered":"Politique de cookies"},"content":{"rendered":"\n<p>a) Utilisation des cookies par le site Web SOLID SOFT TRAY<\/p>\n\n\n\n<p>Le site Web SOLID SOFT TRAY utilise des \u00abcookies\u00bb. Un cookie est un petit fichier texte qui est stock\u00e9 dans votre navigateur lorsque vous visitez presque toutes les pages Web. Son utilit\u00e9 est que le Web peut se souvenir de votre visite lorsque vous revenez sur cette page. Les cookies stockent g\u00e9n\u00e9ralement des informations de nature technique, des pr\u00e9f\u00e9rences personnelles, la personnalisation du contenu, des statistiques d&#8217;utilisation, des liens vers les r\u00e9seaux sociaux, l&#8217;acc\u00e8s aux comptes d&#8217;utilisateurs, etc. Le but du cookie est d&#8217;adapter le contenu du Web \u00e0 votre profil et \u00e0 vos besoins, sans cookies, les services offerts par n&#8217;importe quelle page seraient consid\u00e9rablement r\u00e9duits.<\/p>\n\n\n\n<p>b) Type, finalit\u00e9 et fonctionnement des cookies<\/p>\n\n\n\n<p>Les cookies, en fonction de leur permanence, peuvent \u00eatre divis\u00e9s en cookies de session ou permanents. Les premiers expirent lorsque l&#8217;utilisateur ferme le navigateur. Les seconds expirent en fonction du moment o\u00f9 l&#8217;objectif pour lequel ils servent est atteint ou du moment o\u00f9 ils sont supprim\u00e9s manuellement.<\/p>\n\n\n\n<p>De plus, en fonction de leur objectif, les cookies peuvent \u00eatre class\u00e9s comme suit :<\/p>\n\n\n\n<p><strong>Cookies techniques<\/strong> : ce sont ceux qui permettent \u00e0 l&#8217;utilisateur de naviguer sur notre site Web. Ils permettent, par exemple, de contr\u00f4ler le trafic et la communication des donn\u00e9es, d&#8217;acc\u00e9der \u00e0 des parties d&#8217;acc\u00e8s restreint, d&#8217;effectuer le processus d&#8217;achat d&#8217;une commande, d&#8217;utiliser des \u00e9l\u00e9ments de s\u00e9curit\u00e9, de stocker du contenu pour pouvoir diffuser des vid\u00e9os ou partager du contenu via les r\u00e9seaux sociaux.<\/p>\n\n\n\n<p><strong>Cookies de g\u00e9olocalisation<\/strong> : ces cookies sont utilis\u00e9s pour savoir dans quel pays vous vous trouvez lorsque vous remplissez un formulaire. Ce cookie est compl\u00e8tement anonyme et n&#8217;est utilis\u00e9 que pour aider \u00e0 guider le contenu vers votre emplacement.<\/p>\n\n\n\n<p><strong>Cookies de personnalisation<\/strong> : ce sont ceux qui permettent \u00e0 l&#8217;utilisateur d&#8217;acc\u00e9der au service avec certaines caract\u00e9ristiques g\u00e9n\u00e9rales pr\u00e9d\u00e9finies en fonction d&#8217;une s\u00e9rie de crit\u00e8res dans le terminal de l&#8217;utilisateur, tels que la langue, le type de navigateur par lequel le service est acc\u00e9d\u00e9., la configuration r\u00e9gionale \u00e0 partir de laquelle vous acc\u00e9dez au service, etc.<\/p>\n\n\n\n<p><strong>Cookies d\u2019analyse :<\/strong> ce sont ceux qui sont bien trait\u00e9s par nous ou par des tiers, nous permettent de quantifier le nombre d&#8217;utilisateurs et ainsi de r\u00e9aliser des mesures et analyses statistiques de l&#8217;utilisation que font les utilisateurs du service propos\u00e9. Pour cela, votre navigation sur notre site internet est analys\u00e9e afin d&#8217;am\u00e9liorer l&#8217;offre de produits ou services que nous vous proposons.<\/p>\n\n\n\n<p><strong>Cookies publicitaires<\/strong> : ils affichent des publicit\u00e9s en fonction de votre navigation, de votre pays d&#8217;origine, de votre langue, etc.<\/p>\n\n\n\n<p>c) Cookies utilis\u00e9s par le site SOLID SOFT TRAY<\/p>\n\n\n\n<p>En suivant les directives de l&#8217;Agence espagnole de protection des donn\u00e9es, nous proc\u00e9dons au d\u00e9tail de l&#8217;utilisation des cookies effectu\u00e9s par ce site Web afin de vous informer le plus pr\u00e9cis\u00e9ment possible.<\/p>\n\n\n\n<p>Ce site Web utilise les propres cookies suivants:<\/p>\n\n\n\n<p>\u2022 Indicateur de contr\u00f4le de redirection de la plateforme de paiement Redsys<\/p>\n\n\n\n<p>\u2022 PHPSESSID: ce cookie est natif des applications PHP. Le cookie est utilis\u00e9 pour stocker et identifier l&#8217;identification de session unique d&#8217;un utilisateur afin de g\u00e9rer la session de l&#8217;utilisateur sur le site Web. Le cookie est un cookie de session et est supprim\u00e9 lorsque toutes les fen\u00eatres du navigateur sont ferm\u00e9es.<\/p>\n\n\n\n<p>\u2022 wpml_browser_redirect_test: ce cookie est d\u00e9fini par le plugin WPML WordPress et est utilis\u00e9 pour tester si les cookies sont activ\u00e9s dans le navigateur.<\/p>\n\n\n\n<p>\u2022 _icl_visitor_lang_js: ce cookie est stock\u00e9 par le plugin WPML WordPress. Le but du cookie est de stocker la langue redirig\u00e9e.<\/p>\n\n\n\n<p>Ce site Web utilise les cookies tiers suivants:<\/p>\n\n\n\n<p>\u2022 Google Analytics: Stocke des cookies pour \u00eatre en mesure de compiler des statistiques sur le trafic et le volume de visites sur ce site. Selon Google, il n&#8217;enregistre pas votre adresse IP. Google Inc. est une soci\u00e9t\u00e9 adh\u00e9rant \u00e0 l&#8217;accord Safe Harbor qui garantit que toutes les donn\u00e9es transf\u00e9r\u00e9es seront trait\u00e9es avec un niveau de protection conforme \u00e0 la r\u00e9glementation europ\u00e9enne. En utilisant ce site Web, vous consentez au traitement des informations vous concernant par Google. Par cons\u00e9quent, l&#8217;exercice de tout droit \u00e0 cet \u00e9gard doit se faire en communiquant directement avec Google.<\/p>\n\n\n\n<p>\u2022 R\u00e9seaux sociaux: chaque r\u00e9seau social utilise ses propres cookies afin que vous puissiez cliquer sur des boutons tels que J&#8217;aime ou Partager.<\/p>\n\n\n\n<p>d) Comment d\u00e9sactiver les cookies dans les principaux navigateurs<\/p>\n\n\n\n<p>Normalement, il est possible d&#8217;arr\u00eater d&#8217;accepter les cookies du navigateur. Tous les navigateurs modernes vous permettent de modifier les param\u00e8tres des cookies. Ces param\u00e8tres se trouvent g\u00e9n\u00e9ralement dans les \u00aboptions\u00bb ou \u00abPr\u00e9f\u00e9rences\u00bb du menu de votre navigateur. Pour g\u00e9rer l&#8217;activit\u00e9 des cookies depuis votre ordinateur, vous pouvez les bloquer ou les supprimer. Dans le cas contraire, la navigation sur le site implique l&#8217;acceptation de leur utilisation conform\u00e9ment \u00e0 ce qui pr\u00e9c\u00e8de.<\/p>\n\n\n\n<p>Pour effectuer la gestion des cookies, vous devez suivre les instructions suivantes:<\/p>\n\n\n\n<p>\u2022 Internet Explorer: Outils -&gt; Options Internet -&gt; Confidentialit\u00e9 -&gt; Param\u00e8tres. Pour plus d&#8217;informations, vous pouvez consulter le support Microsoft ou l&#8217;aide du navigateur.<\/p>\n\n\n\n<p>\u2022 Firefox: Outils -&gt; Options -&gt; Confidentialit\u00e9 -&gt; Historique -&gt; Param\u00e8tres personnalis\u00e9s. Pour plus d&#8217;informations, vous pouvez consulter l&#8217;assistance de Mozilla ou l&#8217;aide du navigateur.<\/p>\n\n\n\n<p>\u2022 Chrome: Param\u00e8tres -&gt; Afficher les options avanc\u00e9es -&gt; Confidentialit\u00e9 -&gt; Param\u00e8tres de contenu. Pour plus d&#8217;informations, vous pouvez consulter l&#8217;assistance Google ou l&#8217;aide du navigateur.<\/p>\n\n\n\n<p>\u2022 Safari: Pr\u00e9f\u00e9rences -&gt; S\u00e9curit\u00e9. Pour plus d&#8217;informations, vous pouvez consulter l&#8217;assistance Apple ou l&#8217;aide du navigateur. Le blocage de l&#8217;utilisation de cookies dans votre navigation peut rendre certains services ou fonctions du site indisponibles.<\/p>\n\n\n\n<p>MISES \u00c0 JOUR ET MODIFICATIONS DE LA POLITIQUE DE COOKIES<\/p>\n\n\n\n<p>Le site Web SOLID SOFT TRAY peut modifier cette politique de cookies en fonction des exigences l\u00e9gislatives et r\u00e9glementaires, ou dans le but d&#8217;adapter ladite politique aux instructions \u00e9mises par l&#8217;Agence espagnole de protection des donn\u00e9es, par cons\u00e9quent, les utilisateurs sont inform\u00e9s qu&#8217;il visiter p\u00e9riodiquement.<\/p>\n\n\n\n<p>Lorsque des changements importants se produisent dans cette politique de cookies, les utilisateurs seront inform\u00e9s via le Web.<a href=\"https:\/\/translate.google.com\/saved\"><\/a><\/p>\n","protected":false},"excerpt":{"rendered":"<p>a) Utilisation des cookies par le site Web SOLID SOFT TRAY Le site Web SOLID SOFT TRAY utilise des \u00abcookies\u00bb. Un cookie est un petit fichier texte qui est stock\u00e9 dans votre navigateur lorsque vous visitez presque toutes les pages Web. Son utilit\u00e9 est que le Web peut se souvenir de votre visite lorsque vous [&hellip;]<\/p>\n","protected":false},"author":1,"featured_media":0,"parent":0,"menu_order":0,"comment_status":"closed","ping_status":"closed","template":"","meta":{"footnotes":""},"class_list":["post-9401","page","type-page","status-publish","hentry"],"yoast_head":"<!-- This site is optimized with the Yoast SEO plugin v27.2 - https:\/\/yoast.com\/product\/yoast-seo-wordpress\/ -->\n<title>Politique de cookies - SolidSoft<\/title>\n<meta name=\"robots\" content=\"index, follow, max-snippet:-1, max-image-preview:large, max-video-preview:-1\" \/>\n<link rel=\"canonical\" href=\"https:\/\/solidsoft-tray.com\/fr\/politique-de-cookies\/\" \/>\n<meta property=\"og:locale\" content=\"fr_FR\" \/>\n<meta property=\"og:type\" content=\"article\" \/>\n<meta property=\"og:title\" content=\"Politique de cookies - SolidSoft\" \/>\n<meta property=\"og:description\" content=\"a) Utilisation des cookies par le site Web SOLID SOFT TRAY Le site Web SOLID SOFT TRAY utilise des \u00abcookies\u00bb. Un cookie est un petit fichier texte qui est stock\u00e9 dans votre navigateur lorsque vous visitez presque toutes les pages Web. Son utilit\u00e9 est que le Web peut se souvenir de votre visite lorsque vous [&hellip;]\" \/>\n<meta property=\"og:url\" content=\"https:\/\/solidsoft-tray.com\/fr\/politique-de-cookies\/\" \/>\n<meta property=\"og:site_name\" content=\"SolidSoft\" \/>\n<meta property=\"article:modified_time\" content=\"2021-01-18T11:19:19+00:00\" \/>\n<meta name=\"twitter:card\" content=\"summary_large_image\" \/>\n<meta name=\"twitter:label1\" content=\"Est. reading time\" \/>\n\t<meta name=\"twitter:data1\" content=\"5 minutes\" \/>\n<script type=\"application\/ld+json\" class=\"yoast-schema-graph\">{\"@context\":\"https:\/\/schema.org\",\"@graph\":[{\"@type\":\"WebPage\",\"@id\":\"https:\/\/solidsoft-tray.com\/fr\/politique-de-cookies\/\",\"url\":\"https:\/\/solidsoft-tray.com\/fr\/politique-de-cookies\/\",\"name\":\"Politique de cookies - SolidSoft\",\"isPartOf\":{\"@id\":\"https:\/\/solidsoft-tray.com\/#website\"},\"datePublished\":\"2020-09-16T09:56:23+00:00\",\"dateModified\":\"2021-01-18T11:19:19+00:00\",\"breadcrumb\":{\"@id\":\"https:\/\/solidsoft-tray.com\/fr\/politique-de-cookies\/#breadcrumb\"},\"inLanguage\":\"fr-FR\",\"potentialAction\":[{\"@type\":\"ReadAction\",\"target\":[\"https:\/\/solidsoft-tray.com\/fr\/politique-de-cookies\/\"]}]},{\"@type\":\"BreadcrumbList\",\"@id\":\"https:\/\/solidsoft-tray.com\/fr\/politique-de-cookies\/#breadcrumb\",\"itemListElement\":[{\"@type\":\"ListItem\",\"position\":1,\"name\":\"Portada\",\"item\":\"https:\/\/solidsoft-tray.com\/\"},{\"@type\":\"ListItem\",\"position\":2,\"name\":\"Politique de cookies\"}]},{\"@type\":\"WebSite\",\"@id\":\"https:\/\/solidsoft-tray.com\/#website\",\"url\":\"https:\/\/solidsoft-tray.com\/\",\"name\":\"SolidSoft\",\"description\":\"El plato de ducha flexible\",\"potentialAction\":[{\"@type\":\"SearchAction\",\"target\":{\"@type\":\"EntryPoint\",\"urlTemplate\":\"https:\/\/solidsoft-tray.com\/?s={search_term_string}\"},\"query-input\":{\"@type\":\"PropertyValueSpecification\",\"valueRequired\":true,\"valueName\":\"search_term_string\"}}],\"inLanguage\":\"fr-FR\"}]}<\/script>\n<!-- \/ Yoast SEO plugin. -->","yoast_head_json":{"title":"Politique de cookies - SolidSoft","robots":{"index":"index","follow":"follow","max-snippet":"max-snippet:-1","max-image-preview":"max-image-preview:large","max-video-preview":"max-video-preview:-1"},"canonical":"https:\/\/solidsoft-tray.com\/fr\/politique-de-cookies\/","og_locale":"fr_FR","og_type":"article","og_title":"Politique de cookies - SolidSoft","og_description":"a) Utilisation des cookies par le site Web SOLID SOFT TRAY Le site Web SOLID SOFT TRAY utilise des \u00abcookies\u00bb. Un cookie est un petit fichier texte qui est stock\u00e9 dans votre navigateur lorsque vous visitez presque toutes les pages Web. Son utilit\u00e9 est que le Web peut se souvenir de votre visite lorsque vous [&hellip;]","og_url":"https:\/\/solidsoft-tray.com\/fr\/politique-de-cookies\/","og_site_name":"SolidSoft","article_modified_time":"2021-01-18T11:19:19+00:00","twitter_card":"summary_large_image","twitter_misc":{"Est. reading time":"5 minutes"},"schema":{"@context":"https:\/\/schema.org","@graph":[{"@type":"WebPage","@id":"https:\/\/solidsoft-tray.com\/fr\/politique-de-cookies\/","url":"https:\/\/solidsoft-tray.com\/fr\/politique-de-cookies\/","name":"Politique de cookies - SolidSoft","isPartOf":{"@id":"https:\/\/solidsoft-tray.com\/#website"},"datePublished":"2020-09-16T09:56:23+00:00","dateModified":"2021-01-18T11:19:19+00:00","breadcrumb":{"@id":"https:\/\/solidsoft-tray.com\/fr\/politique-de-cookies\/#breadcrumb"},"inLanguage":"fr-FR","potentialAction":[{"@type":"ReadAction","target":["https:\/\/solidsoft-tray.com\/fr\/politique-de-cookies\/"]}]},{"@type":"BreadcrumbList","@id":"https:\/\/solidsoft-tray.com\/fr\/politique-de-cookies\/#breadcrumb","itemListElement":[{"@type":"ListItem","position":1,"name":"Portada","item":"https:\/\/solidsoft-tray.com\/"},{"@type":"ListItem","position":2,"name":"Politique de cookies"}]},{"@type":"WebSite","@id":"https:\/\/solidsoft-tray.com\/#website","url":"https:\/\/solidsoft-tray.com\/","name":"SolidSoft","description":"El plato de ducha flexible","potentialAction":[{"@type":"SearchAction","target":{"@type":"EntryPoint","urlTemplate":"https:\/\/solidsoft-tray.com\/?s={search_term_string}"},"query-input":{"@type":"PropertyValueSpecification","valueRequired":true,"valueName":"search_term_string"}}],"inLanguage":"fr-FR"}]}},"_links":{"self":[{"href":"https:\/\/solidsoft-tray.com\/fr\/wp-json\/wp\/v2\/pages\/9401","targetHints":{"allow":["GET"]}}],"collection":[{"href":"https:\/\/solidsoft-tray.com\/fr\/wp-json\/wp\/v2\/pages"}],"about":[{"href":"https:\/\/solidsoft-tray.com\/fr\/wp-json\/wp\/v2\/types\/page"}],"author":[{"embeddable":true,"href":"https:\/\/solidsoft-tray.com\/fr\/wp-json\/wp\/v2\/users\/1"}],"replies":[{"embeddable":true,"href":"https:\/\/solidsoft-tray.com\/fr\/wp-json\/wp\/v2\/comments?post=9401"}],"version-history":[{"count":0,"href":"https:\/\/solidsoft-tray.com\/fr\/wp-json\/wp\/v2\/pages\/9401\/revisions"}],"wp:attachment":[{"href":"https:\/\/solidsoft-tray.com\/fr\/wp-json\/wp\/v2\/media?parent=9401"}],"curies":[{"name":"wp","href":"https:\/\/api.w.org\/{rel}","templated":true}]}}