{"id":9399,"date":"2020-09-16T09:50:58","date_gmt":"2020-09-16T09:50:58","guid":{"rendered":"https:\/\/solidsoft-tray.com\/politique-confidencialite\/"},"modified":"2022-05-13T06:42:45","modified_gmt":"2022-05-13T06:42:45","slug":"politique-confidencialite","status":"publish","type":"page","link":"https:\/\/solidsoft-tray.com\/fr\/politique-confidencialite\/","title":{"rendered":"Politique de confidentialit\u00e9 et mentions l\u00e9gales"},"content":{"rendered":"<p><strong>Donn\u00e9es fiscales<\/strong><\/p>\n<p>Conform\u00e9ment \u00e0 l&#8217;article 10 de la loi 34\/2002 du 11 juillet sur les services de la soci\u00e9t\u00e9 de l&#8217;information et du commerce \u00e9lectronique, nous mettons \u00e0 votre disposition les informations suivantes:<br \/>\n<br \/>\nSolid Soft Tray, S.L est une soci\u00e9t\u00e9 domicili\u00e9e \u00e0 Avenida de los Deportes, 21 Bajo; 46600 Alzira (Espagne) avec CIF B98508872.Incription au registre du commerce de Valencia 24\/01\/2013 Page 50, Feuille V-152241.<br \/>\n<\/p>\n<hr \/>\n<p>\n<strong>Conditions de vente <\/strong><\/p>\n<p>L&#8217;accuse de r\u00e9ception d\u2019une commande implique le respect du prix propos\u00e9 et des conditions g\u00e9n\u00e9rales de vente en vigueur \u00e0 ce moment pr\u00e9cis. Une fois la commande formalis\u00e9e, l&#8217;achat sera consid\u00e9r\u00e9 comme parfait de plein droit, avec toutes les garanties l\u00e9gales qui prot\u00e8gent le consommateur acheteur, et \u00e0 partir de ce moment les prix et conditions seront contractuels, et ne pourront \u00eatre modifi\u00e9s sans l&#8217;accord expr\u00e8s des deux parties contractantes.<br \/>\n<br \/>\nConform\u00e9ment \u00e0 la l\u00e9gislation en vigueur, les produits peuvent \u00eatre retourn\u00e9s, pour quelque raison que ce soit, dans un d\u00e9lai de 14 jour calendaire \u00e0 compter de la r\u00e9ception de la marchandise par le client. Pour cela, les conditions suivantes doivent \u00eatre remplies :<br \/>\n<\/p>\n<ul>\n<li>Le receveur de douche SolidSoft et ses composants doivent \u00eatre retourn\u00e9s dans leur emballage et \u00e9tat d&#8217;origine, en parfait \u00e9tat et prot\u00e9g\u00e9s. Solid Soft Tray S.L. se r\u00e9serve le droit de refuser le retour.<\/li>\n<li>Une fois la d\u00e9cision de retour du produit est communiqu\u00e9e, vous recevrez les instructions dans votre e-mail afin que vous puissiez l&#8217;envoyer \u00e0 nos installations. Vous devez envoyer la marchandise dans un d\u00e9lai maximum de 7 jours \u00e0 compter du moment o\u00f9 vous nous notifiez votre volont\u00e9 d&#8217;exercer ce droit.<\/li>\n<li>Les frais de transport associ\u00e9s au retour seront \u00e0 votre charge. Vous \u00eates libre de choisir et de trouver l&#8217;agence de transport qui correspond le mieux \u00e0 vos besoins.<\/li>\n<li>Une fois la marchandise r\u00e9ceptionn\u00e9e et v\u00e9rifi\u00e9e qu&#8217;elle est en parfait \u00e9tat, le remboursement du montant sera effectu\u00e9. Nous vous rembourserons le paiement effectu\u00e9 via le syst\u00e8me de paiement SolidSoft, \u00e0 l&#8217;exclusion des frais de livraison. Ce paiement sera effectu\u00e9 dans un d\u00e9lai maximum de 14 jours calendaires \u00e0 compter de la d\u00e9cision de retour.<\/li>\n<\/ul>\n<p><\/p>\n<hr \/>\n<p>\n<strong>Politique de confidencialit\u00e9<\/strong><\/p>\n<p>Gr\u00e2ce \u00e0 cette politique de confidentialit\u00e9, le propri\u00e9taire du site Web, Solid Soft Tray, S.L. informe les utilisateurs du traitement et des utilisations auxquels les donn\u00e9es personnelles collect\u00e9es sur le site sont soumises, afin qu&#8217;ils puissent d\u00e9cider, librement et volontairement, s&#8217;ils souhaitent fournir les informations demand\u00e9es. Sp\u00e9cifiquement avec le formulaire de contact, nous r\u00e9pondrons \u00e0 votre demande et vous enverrons, par e-mail ou par courrier, des informations sur les produits qui vous int\u00e9ressent.<br \/>\n<br \/>\nSolid Soft Tray, SL d\u00e9clare que la politique de confidentialit\u00e9 s&#8217;adapte au <a href=\"https:\/\/ec.europa.eu\/info\/files\/regulation-eu-2016-679-protection-natural-persons-regard-processing-personal-data-and-free-movement-such-data_es\">r\u00e8glement (UE) 2016\/679<\/a> concernant la protection des personnes physiques \u00e0 l&#8217;\u00e9gard du traitement des donn\u00e9es personnelles et la libre circulation de ces donn\u00e9es et se r\u00e9serve le droit de Pouvoir de modifier cette Politique afin de l&#8217;adapter \u00e0 la nouvelle l\u00e9gislation, aux crit\u00e8res jurisprudentiels, aux pratiques du secteur ou aux int\u00e9r\u00eats particuliers de l&#8217;entreprise. Dans tous les cas, les modifications seront communiqu\u00e9es \u00e0 l&#8217;utilisateur en temps voulu, ainsi que le moment o\u00f9 elles commenceront \u00e0 \u00eatre effectives.<br \/>\n<br \/>\nSolid Soft Tray, SL s&#8217;engage \u00e0 respecter la confidentialit\u00e9 des donn\u00e9es personnelles collect\u00e9es et \u00e0 garantir l&#8217;exercice de vos droits d&#8217;acc\u00e8s, de rectification, annulation et opposition en adressant une demande \u00e9crite accompagn\u00e9e d&#8217;une photocopie de votre pi\u00e8ce d&#8217;identit\u00e9 au adresse suivante Solid Soft Tray, SL ; Avenida de los Deportes, 21 Bajo; 46600 Alzira (Espagne).<\/p>\n","protected":false},"excerpt":{"rendered":"<p>Donn\u00e9es fiscales Conform\u00e9ment \u00e0 l&#8217;article 10 de la loi 34\/2002 du 11 juillet sur les services de la soci\u00e9t\u00e9 de l&#8217;information et du commerce \u00e9lectronique, nous mettons \u00e0 votre disposition les informations suivantes: Solid Soft Tray, S.L est une soci\u00e9t\u00e9 domicili\u00e9e \u00e0 Avenida de los Deportes, 21 Bajo; 46600 Alzira (Espagne) avec CIF B98508872.Incription au [&hellip;]<\/p>\n","protected":false},"author":1,"featured_media":0,"parent":0,"menu_order":0,"comment_status":"closed","ping_status":"closed","template":"","meta":{"footnotes":""},"class_list":["post-9399","page","type-page","status-publish","hentry"],"yoast_head":"<!-- This site is optimized with the Yoast SEO plugin v27.2 - https:\/\/yoast.com\/product\/yoast-seo-wordpress\/ -->\n<title>Politique de confidentialit\u00e9 et mentions l\u00e9gales - SolidSoft<\/title>\n<meta name=\"robots\" content=\"noindex, follow\" \/>\n<meta property=\"og:locale\" content=\"fr_FR\" \/>\n<meta property=\"og:type\" content=\"article\" \/>\n<meta property=\"og:title\" content=\"Politique de confidentialit\u00e9 et mentions l\u00e9gales - SolidSoft\" \/>\n<meta property=\"og:description\" content=\"Donn\u00e9es fiscales Conform\u00e9ment \u00e0 l&#8217;article 10 de la loi 34\/2002 du 11 juillet sur les services de la soci\u00e9t\u00e9 de l&#8217;information et du commerce \u00e9lectronique, nous mettons \u00e0 votre disposition les informations suivantes: Solid Soft Tray, S.L est une soci\u00e9t\u00e9 domicili\u00e9e \u00e0 Avenida de los Deportes, 21 Bajo; 46600 Alzira (Espagne) avec CIF B98508872.Incription au [&hellip;]\" \/>\n<meta property=\"og:url\" content=\"https:\/\/solidsoft-tray.com\/politica-de-privacidad-y-aviso-legal\/\" \/>\n<meta property=\"og:site_name\" content=\"SolidSoft\" \/>\n<meta property=\"article:modified_time\" content=\"2022-05-13T06:42:45+00:00\" \/>\n<meta name=\"twitter:card\" content=\"summary_large_image\" \/>\n<meta name=\"twitter:label1\" content=\"Est. reading time\" \/>\n\t<meta name=\"twitter:data1\" content=\"3 minutes\" \/>\n<script type=\"application\/ld+json\" class=\"yoast-schema-graph\">{\"@context\":\"https:\/\/schema.org\",\"@graph\":[{\"@type\":\"WebPage\",\"@id\":\"https:\/\/solidsoft-tray.com\/politica-de-privacidad-y-aviso-legal\/\",\"url\":\"https:\/\/solidsoft-tray.com\/politica-de-privacidad-y-aviso-legal\/\",\"name\":\"Politique de confidentialit\u00e9 et mentions l\u00e9gales - SolidSoft\",\"isPartOf\":{\"@id\":\"https:\/\/solidsoft-tray.com\/#website\"},\"datePublished\":\"2020-09-16T09:50:58+00:00\",\"dateModified\":\"2022-05-13T06:42:45+00:00\",\"breadcrumb\":{\"@id\":\"https:\/\/solidsoft-tray.com\/politica-de-privacidad-y-aviso-legal\/#breadcrumb\"},\"inLanguage\":\"fr-FR\",\"potentialAction\":[{\"@type\":\"ReadAction\",\"target\":[\"https:\/\/solidsoft-tray.com\/politica-de-privacidad-y-aviso-legal\/\"]}]},{\"@type\":\"BreadcrumbList\",\"@id\":\"https:\/\/solidsoft-tray.com\/politica-de-privacidad-y-aviso-legal\/#breadcrumb\",\"itemListElement\":[{\"@type\":\"ListItem\",\"position\":1,\"name\":\"Portada\",\"item\":\"https:\/\/solidsoft-tray.com\/\"},{\"@type\":\"ListItem\",\"position\":2,\"name\":\"Politique de confidentialit\u00e9 et mentions l\u00e9gales\"}]},{\"@type\":\"WebSite\",\"@id\":\"https:\/\/solidsoft-tray.com\/#website\",\"url\":\"https:\/\/solidsoft-tray.com\/\",\"name\":\"SolidSoft\",\"description\":\"El plato de ducha flexible\",\"potentialAction\":[{\"@type\":\"SearchAction\",\"target\":{\"@type\":\"EntryPoint\",\"urlTemplate\":\"https:\/\/solidsoft-tray.com\/?s={search_term_string}\"},\"query-input\":{\"@type\":\"PropertyValueSpecification\",\"valueRequired\":true,\"valueName\":\"search_term_string\"}}],\"inLanguage\":\"fr-FR\"}]}<\/script>\n<!-- \/ Yoast SEO plugin. -->","yoast_head_json":{"title":"Politique de confidentialit\u00e9 et mentions l\u00e9gales - SolidSoft","robots":{"index":"noindex","follow":"follow"},"og_locale":"fr_FR","og_type":"article","og_title":"Politique de confidentialit\u00e9 et mentions l\u00e9gales - SolidSoft","og_description":"Donn\u00e9es fiscales Conform\u00e9ment \u00e0 l&#8217;article 10 de la loi 34\/2002 du 11 juillet sur les services de la soci\u00e9t\u00e9 de l&#8217;information et du commerce \u00e9lectronique, nous mettons \u00e0 votre disposition les informations suivantes: Solid Soft Tray, S.L est une soci\u00e9t\u00e9 domicili\u00e9e \u00e0 Avenida de los Deportes, 21 Bajo; 46600 Alzira (Espagne) avec CIF B98508872.Incription au [&hellip;]","og_url":"https:\/\/solidsoft-tray.com\/politica-de-privacidad-y-aviso-legal\/","og_site_name":"SolidSoft","article_modified_time":"2022-05-13T06:42:45+00:00","twitter_card":"summary_large_image","twitter_misc":{"Est. reading time":"3 minutes"},"schema":{"@context":"https:\/\/schema.org","@graph":[{"@type":"WebPage","@id":"https:\/\/solidsoft-tray.com\/politica-de-privacidad-y-aviso-legal\/","url":"https:\/\/solidsoft-tray.com\/politica-de-privacidad-y-aviso-legal\/","name":"Politique de confidentialit\u00e9 et mentions l\u00e9gales - SolidSoft","isPartOf":{"@id":"https:\/\/solidsoft-tray.com\/#website"},"datePublished":"2020-09-16T09:50:58+00:00","dateModified":"2022-05-13T06:42:45+00:00","breadcrumb":{"@id":"https:\/\/solidsoft-tray.com\/politica-de-privacidad-y-aviso-legal\/#breadcrumb"},"inLanguage":"fr-FR","potentialAction":[{"@type":"ReadAction","target":["https:\/\/solidsoft-tray.com\/politica-de-privacidad-y-aviso-legal\/"]}]},{"@type":"BreadcrumbList","@id":"https:\/\/solidsoft-tray.com\/politica-de-privacidad-y-aviso-legal\/#breadcrumb","itemListElement":[{"@type":"ListItem","position":1,"name":"Portada","item":"https:\/\/solidsoft-tray.com\/"},{"@type":"ListItem","position":2,"name":"Politique de confidentialit\u00e9 et mentions l\u00e9gales"}]},{"@type":"WebSite","@id":"https:\/\/solidsoft-tray.com\/#website","url":"https:\/\/solidsoft-tray.com\/","name":"SolidSoft","description":"El plato de ducha flexible","potentialAction":[{"@type":"SearchAction","target":{"@type":"EntryPoint","urlTemplate":"https:\/\/solidsoft-tray.com\/?s={search_term_string}"},"query-input":{"@type":"PropertyValueSpecification","valueRequired":true,"valueName":"search_term_string"}}],"inLanguage":"fr-FR"}]}},"_links":{"self":[{"href":"https:\/\/solidsoft-tray.com\/fr\/wp-json\/wp\/v2\/pages\/9399","targetHints":{"allow":["GET"]}}],"collection":[{"href":"https:\/\/solidsoft-tray.com\/fr\/wp-json\/wp\/v2\/pages"}],"about":[{"href":"https:\/\/solidsoft-tray.com\/fr\/wp-json\/wp\/v2\/types\/page"}],"author":[{"embeddable":true,"href":"https:\/\/solidsoft-tray.com\/fr\/wp-json\/wp\/v2\/users\/1"}],"replies":[{"embeddable":true,"href":"https:\/\/solidsoft-tray.com\/fr\/wp-json\/wp\/v2\/comments?post=9399"}],"version-history":[{"count":0,"href":"https:\/\/solidsoft-tray.com\/fr\/wp-json\/wp\/v2\/pages\/9399\/revisions"}],"wp:attachment":[{"href":"https:\/\/solidsoft-tray.com\/fr\/wp-json\/wp\/v2\/media?parent=9399"}],"curies":[{"name":"wp","href":"https:\/\/api.w.org\/{rel}","templated":true}]}}