{"id":9366,"date":"2020-09-15T09:49:25","date_gmt":"2020-09-15T09:49:25","guid":{"rendered":"https:\/\/solidsoft-tray.com\/?page_id=9366"},"modified":"2024-11-29T10:35:52","modified_gmt":"2024-11-29T08:35:52","slug":"vous-voulez-devenir-distributeur","status":"publish","type":"page","link":"https:\/\/solidsoft-tray.com\/fr\/vous-voulez-devenir-distributeur\/","title":{"rendered":"VOUS VOULEZ DEVENIR DISTRIBUTEUR?"},"content":{"rendered":"\t\t<div data-elementor-type=\"wp-page\" data-elementor-id=\"9366\" class=\"elementor elementor-9366 elementor-8075\" data-elementor-post-type=\"page\">\n\t\t\t\t\t\t<section class=\"elementor-section elementor-top-section elementor-element elementor-element-7922918 elementor-section-boxed elementor-section-height-default elementor-section-height-default exad-glass-effect-no exad-sticky-section-no\" data-id=\"7922918\" data-element_type=\"section\" data-e-type=\"section\" data-settings=\"{&quot;jet_parallax_layout_list&quot;:[{&quot;jet_parallax_layout_image&quot;:{&quot;url&quot;:&quot;&quot;,&quot;id&quot;:&quot;&quot;,&quot;size&quot;:&quot;&quot;},&quot;_id&quot;:&quot;115989b&quot;,&quot;jet_parallax_layout_image_tablet&quot;:{&quot;url&quot;:&quot;&quot;,&quot;id&quot;:&quot;&quot;,&quot;size&quot;:&quot;&quot;},&quot;jet_parallax_layout_image_mobile&quot;:{&quot;url&quot;:&quot;&quot;,&quot;id&quot;:&quot;&quot;,&quot;size&quot;:&quot;&quot;},&quot;jet_parallax_layout_speed&quot;:{&quot;unit&quot;:&quot;%&quot;,&quot;size&quot;:50,&quot;sizes&quot;:[]},&quot;jet_parallax_layout_type&quot;:&quot;scroll&quot;,&quot;jet_parallax_layout_direction&quot;:&quot;1&quot;,&quot;jet_parallax_layout_fx_direction&quot;:null,&quot;jet_parallax_layout_z_index&quot;:&quot;&quot;,&quot;jet_parallax_layout_bg_x&quot;:50,&quot;jet_parallax_layout_bg_x_tablet&quot;:&quot;&quot;,&quot;jet_parallax_layout_bg_x_mobile&quot;:&quot;&quot;,&quot;jet_parallax_layout_bg_y&quot;:50,&quot;jet_parallax_layout_bg_y_tablet&quot;:&quot;&quot;,&quot;jet_parallax_layout_bg_y_mobile&quot;:&quot;&quot;,&quot;jet_parallax_layout_bg_size&quot;:&quot;auto&quot;,&quot;jet_parallax_layout_bg_size_tablet&quot;:&quot;&quot;,&quot;jet_parallax_layout_bg_size_mobile&quot;:&quot;&quot;,&quot;jet_parallax_layout_animation_prop&quot;:&quot;transform&quot;,&quot;jet_parallax_layout_on&quot;:[&quot;desktop&quot;,&quot;tablet&quot;]}]}\">\n\t\t\t\t\t\t<div class=\"elementor-container elementor-column-gap-default\">\n\t\t\t\t\t<div class=\"elementor-column elementor-col-100 elementor-top-column elementor-element elementor-element-e3383b0 exad-glass-effect-no exad-sticky-section-no\" data-id=\"e3383b0\" data-element_type=\"column\" data-e-type=\"column\">\n\t\t\t<div class=\"elementor-widget-wrap elementor-element-populated\">\n\t\t\t\t\t\t<div class=\"elementor-element elementor-element-b754fe5 exad-sticky-section-no exad-glass-effect-no elementor-invisible elementor-widget elementor-widget-text-editor\" data-id=\"b754fe5\" data-element_type=\"widget\" data-e-type=\"widget\" data-settings=\"{&quot;_animation&quot;:&quot;zoomIn&quot;}\" data-widget_type=\"text-editor.default\">\n\t\t\t\t<div class=\"elementor-widget-container\">\n\t\t\t\t\t\t\t\t\t<img decoding=\"async\" class=\"wp-image-8740 alignleft\" src=\"http:\/\/solidsoft-tray.com\/wp-content\/uploads\/2020\/05\/encuadre-textos-solidsoft1.png\" alt=\"\" width=\"24\" height=\"24\" srcset=\"https:\/\/solidsoft-tray.com\/wp-content\/uploads\/2020\/05\/encuadre-textos-solidsoft1.png 192w, https:\/\/solidsoft-tray.com\/wp-content\/uploads\/2020\/05\/encuadre-textos-solidsoft1-100x100.png 100w, https:\/\/solidsoft-tray.com\/wp-content\/uploads\/2020\/05\/encuadre-textos-solidsoft1-150x150.png 150w\" sizes=\"(max-width: 24px) 100vw, 24px\" \/>\t\t\t\t\t\t\t\t<\/div>\n\t\t\t\t<\/div>\n\t\t\t\t<div class=\"elementor-element elementor-element-7176ae4 exad-sticky-section-no exad-glass-effect-no elementor-invisible elementor-widget elementor-widget-text-editor\" data-id=\"7176ae4\" data-element_type=\"widget\" data-e-type=\"widget\" data-settings=\"{&quot;_animation&quot;:&quot;fadeIn&quot;,&quot;_animation_delay&quot;:300}\" data-widget_type=\"text-editor.default\">\n\t\t\t\t<div class=\"elementor-widget-container\">\n\t\t\t\t\t\t\t\t\t<h2 style=\"font-size: 38px;\">VOUS VOULEZ DEVENIR <span style=\"color: #c69b65;\">DISTRIBUTEUR?<\/span><\/h2>\t\t\t\t\t\t\t\t<\/div>\n\t\t\t\t<\/div>\n\t\t\t\t<div class=\"elementor-element elementor-element-6728794 exad-sticky-section-no exad-glass-effect-no elementor-invisible elementor-widget elementor-widget-text-editor\" data-id=\"6728794\" data-element_type=\"widget\" data-e-type=\"widget\" data-settings=\"{&quot;_animation&quot;:&quot;fadeIn&quot;,&quot;_animation_delay&quot;:300}\" data-widget_type=\"text-editor.default\">\n\t\t\t\t<div class=\"elementor-widget-container\">\n\t\t\t\t\t\t\t\t\t<strong>AVANTAGES DU PRODUIT<\/strong>\r\nInnovateur, dot\u00e9 d\u2019une valeur ajout\u00e9e \u00e9lev\u00e9e\r\nP\u00e9n\u00e9tration rapide sur le march\u00e9\r\nRenforcement du portefeuille de produits\r\nCroissance rapide des ventes\r\n10 ans de garantie\t\t\t\t\t\t\t\t<\/div>\n\t\t\t\t<\/div>\n\t\t\t\t<div class=\"elementor-element elementor-element-e4b4d7e exad-sticky-section-no exad-glass-effect-no elementor-invisible elementor-widget elementor-widget-text-editor\" data-id=\"e4b4d7e\" data-element_type=\"widget\" data-e-type=\"widget\" data-settings=\"{&quot;_animation&quot;:&quot;zoomIn&quot;}\" data-widget_type=\"text-editor.default\">\n\t\t\t\t<div class=\"elementor-widget-container\">\n\t\t\t\t\t\t\t\t\t<img decoding=\"async\" class=\"wp-image-8742 alignright\" src=\"http:\/\/solidsoft-tray.com\/wp-content\/uploads\/2020\/05\/encuadre-textos-solidsoft2.png\" alt=\"\" width=\"24\" height=\"24\" srcset=\"https:\/\/solidsoft-tray.com\/wp-content\/uploads\/2020\/05\/encuadre-textos-solidsoft2.png 192w, https:\/\/solidsoft-tray.com\/wp-content\/uploads\/2020\/05\/encuadre-textos-solidsoft2-100x100.png 100w, https:\/\/solidsoft-tray.com\/wp-content\/uploads\/2020\/05\/encuadre-textos-solidsoft2-150x150.png 150w\" sizes=\"(max-width: 24px) 100vw, 24px\" \/>\t\t\t\t\t\t\t\t<\/div>\n\t\t\t\t<\/div>\n\t\t\t\t<div class=\"elementor-element elementor-element-849b600 exad-sticky-section-no exad-glass-effect-no elementor-widget elementor-widget-contact-form-7\" data-id=\"849b600\" data-element_type=\"widget\" data-e-type=\"widget\" data-widget_type=\"contact-form-7.default\">\n\t\t\t\t<div class=\"elementor-widget-container\">\n\t\t\t\t\t<div class=\"elementor-contact-form-7 jet-elements\">\n<div class=\"wpcf7 no-js\" id=\"wpcf7-f11146-o1\" lang=\"fr-FR\" dir=\"ltr\" data-wpcf7-id=\"11146\">\n<div class=\"screen-reader-response\"><p role=\"status\" aria-live=\"polite\" aria-atomic=\"true\"><\/p> <ul><\/ul><\/div>\n<form action=\"\/fr\/wp-json\/wp\/v2\/pages\/9366#wpcf7-f11146-o1\" method=\"post\" class=\"wpcf7-form init\" aria-label=\"Contact form\" novalidate=\"novalidate\" data-status=\"init\">\n<fieldset class=\"hidden-fields-container\"><input type=\"hidden\" name=\"_wpcf7\" value=\"11146\" \/><input type=\"hidden\" name=\"_wpcf7_version\" value=\"6.1.5\" \/><input type=\"hidden\" name=\"_wpcf7_locale\" value=\"fr_FR\" \/><input type=\"hidden\" name=\"_wpcf7_unit_tag\" value=\"wpcf7-f11146-o1\" \/><input type=\"hidden\" name=\"_wpcf7_container_post\" value=\"0\" \/><input type=\"hidden\" name=\"_wpcf7_posted_data_hash\" value=\"\" \/>\n<\/fieldset>\n<div class=\"wpcf7-response-output\" aria-hidden=\"true\"><\/div>\n<p><label class=\"langcode\">\u00c9tats-Unis<\/label><br \/>\n<label class=\"isocode\">US<\/label><br \/>\n<label class=\"pais1\"><span class=\"wpcf7-form-control-wrap\" data-name=\"pais\"><input size=\"40\" maxlength=\"400\" class=\"wpcf7-form-control wpcf7-text pais\" aria-invalid=\"false\" value=\"\" type=\"text\" name=\"pais\" \/><\/span><\/label>\n<\/p>\n<div class=\"cf-container\">\n\t<div class=\"cf-col-12\">\n\t\t<p><span class=\"wpcf7-form-control-wrap\" data-name=\"your-name\"><input size=\"40\" maxlength=\"400\" class=\"wpcf7-form-control wpcf7-text wpcf7-validates-as-required\" aria-required=\"true\" aria-invalid=\"false\" placeholder=\"Nom*\" value=\"\" type=\"text\" name=\"your-name\" \/><\/span>\n\t\t<\/p>\n\t<\/div>\n\t<div class=\"cf-col-6\">\n\t\t<p><span class=\"wpcf7-form-control-wrap\" data-name=\"your-email\"><input size=\"40\" maxlength=\"400\" class=\"wpcf7-form-control wpcf7-email wpcf7-validates-as-required wpcf7-text wpcf7-validates-as-email\" aria-required=\"true\" aria-invalid=\"false\" placeholder=\"Email*\" value=\"\" type=\"email\" name=\"your-email\" \/><\/span>\n\t\t<\/p>\n\t<\/div>\n\t<div class=\"cf-col-6\">\n\t\t<p><span class=\"wpcf7-form-control-wrap\" data-name=\"phone\"><input size=\"40\" maxlength=\"400\" class=\"wpcf7-form-control wpcf7-tel wpcf7-text wpcf7-validates-as-tel\" aria-invalid=\"false\" placeholder=\"T\u00e9l\u00e9phone\" value=\"\" type=\"tel\" name=\"phone\" \/><\/span>\n\t\t<\/p>\n\t<\/div>\n\t<div class=\"cf-col-6\">\n\t\t<p><span class=\"wpcf7-form-control-wrap\" data-name=\"prefijo\"><input size=\"40\" maxlength=\"400\" class=\"wpcf7-form-control wpcf7-text\" aria-invalid=\"false\" placeholder=\"Pays\" value=\"\" type=\"text\" name=\"prefijo\" \/><\/span>\n\t\t<\/p>\n\t<\/div>\n\t<div class=\"cf-col-6\">\n\t\t<p><span class=\"wpcf7-form-control-wrap\" data-name=\"cp\"><input size=\"40\" maxlength=\"400\" class=\"wpcf7-form-control wpcf7-text\" aria-invalid=\"false\" placeholder=\"Code Postal\" value=\"\" type=\"text\" name=\"cp\" \/><\/span>\n\t\t<\/p>\n\t<\/div>\n\t<div class=\"cf-col-12\">\n\t\t<p><span class=\"wpcf7-form-control-wrap\" data-name=\"your-message\"><textarea cols=\"40\" rows=\"10\" maxlength=\"2000\" class=\"wpcf7-form-control wpcf7-textarea wpcf7-validates-as-required\" aria-required=\"true\" aria-invalid=\"false\" placeholder=\"Message*\" name=\"your-message\"><\/textarea><\/span>\n\t\t<\/p>\n\t<\/div>\n<\/div>\n<p><input class=\"wpcf7-form-control wpcf7-submit has-spinner\" type=\"submit\" value=\"Envoyer\" \/>\n<\/p>\n<p><span class=\"wpcf7-form-control-wrap\" data-name=\"acceptance-449\"><span class=\"wpcf7-form-control wpcf7-acceptance\"><span class=\"wpcf7-list-item\"><label><input type=\"checkbox\" name=\"acceptance-449\" value=\"1\" aria-invalid=\"false\" \/><span class=\"wpcf7-list-item-label\">J'ai lu et j'accepte <a href=\"https:\/\/solidsoft-tray.com\/fr\/politique-confidencialite\/\" target=\"_blank\">les termes et conditions <\/a> de ce site.<\/span><\/label><\/span><\/span><\/span>\n<\/p><p style=\"display: none !important;\" class=\"akismet-fields-container\" data-prefix=\"_wpcf7_ak_\"><label>&#916;<textarea name=\"_wpcf7_ak_hp_textarea\" cols=\"45\" rows=\"8\" maxlength=\"100\"><\/textarea><\/label><input type=\"hidden\" id=\"ak_js_1\" name=\"_wpcf7_ak_js\" value=\"149\"\/><script>document.getElementById( \"ak_js_1\" ).setAttribute( \"value\", ( new Date() ).getTime() );<\/script><\/p>\n<\/form>\n<\/div>\n<\/div>\t\t\t\t<\/div>\n\t\t\t\t<\/div>\n\t\t\t\t\t<\/div>\n\t\t<\/div>\n\t\t\t\t\t<\/div>\n\t\t<\/section>\n\t\t\t\t<\/div>\n\t\t","protected":false},"excerpt":{"rendered":"<p>VOUS VOULEZ DEVENIR DISTRIBUTEUR? AVANTAGES DU PRODUIT Innovateur, dot\u00e9 d\u2019une valeur ajout\u00e9e \u00e9lev\u00e9e P\u00e9n\u00e9tration rapide sur le march\u00e9 Renforcement du portefeuille de produits Croissance rapide des ventes 10 ans de garantie J&#8217;ai lu et j&#8217;accepte les termes et conditions de ce site. &#916;<\/p>\n","protected":false},"author":1,"featured_media":0,"parent":0,"menu_order":0,"comment_status":"closed","ping_status":"closed","template":"elementor_header_footer","meta":{"footnotes":""},"class_list":["post-9366","page","type-page","status-publish","hentry"],"yoast_head":"<!-- This site is optimized with the Yoast SEO plugin v27.2 - https:\/\/yoast.com\/product\/yoast-seo-wordpress\/ -->\n<title>VOUS VOULEZ DEVENIR DISTRIBUTEUR? - SolidSoft<\/title>\n<meta name=\"robots\" content=\"index, follow, max-snippet:-1, max-image-preview:large, max-video-preview:-1\" \/>\n<link rel=\"canonical\" href=\"https:\/\/solidsoft-tray.com\/fr\/vous-voulez-devenir-distributeur\/\" \/>\n<meta property=\"og:locale\" content=\"fr_FR\" \/>\n<meta property=\"og:type\" content=\"article\" \/>\n<meta property=\"og:title\" content=\"VOUS VOULEZ DEVENIR DISTRIBUTEUR? - SolidSoft\" \/>\n<meta property=\"og:description\" content=\"VOUS VOULEZ DEVENIR DISTRIBUTEUR? AVANTAGES DU PRODUIT Innovateur, dot\u00e9 d\u2019une valeur ajout\u00e9e \u00e9lev\u00e9e P\u00e9n\u00e9tration rapide sur le march\u00e9 Renforcement du portefeuille de produits Croissance rapide des ventes 10 ans de garantie J&#8217;ai lu et j&#8217;accepte les termes et conditions de ce site. &#916;\" \/>\n<meta property=\"og:url\" content=\"https:\/\/solidsoft-tray.com\/fr\/vous-voulez-devenir-distributeur\/\" \/>\n<meta property=\"og:site_name\" content=\"SolidSoft\" \/>\n<meta property=\"article:modified_time\" content=\"2024-11-29T08:35:52+00:00\" \/>\n<meta property=\"og:image\" content=\"http:\/\/solidsoft-tray.com\/wp-content\/uploads\/2020\/05\/encuadre-textos-solidsoft1.png\" \/>\n<meta name=\"twitter:card\" content=\"summary_large_image\" \/>\n<meta name=\"twitter:label1\" content=\"Est. reading time\" \/>\n\t<meta name=\"twitter:data1\" content=\"1 minute\" \/>\n<script type=\"application\/ld+json\" class=\"yoast-schema-graph\">{\"@context\":\"https:\/\/schema.org\",\"@graph\":[{\"@type\":\"WebPage\",\"@id\":\"https:\/\/solidsoft-tray.com\/fr\/vous-voulez-devenir-distributeur\/\",\"url\":\"https:\/\/solidsoft-tray.com\/fr\/vous-voulez-devenir-distributeur\/\",\"name\":\"VOUS VOULEZ DEVENIR DISTRIBUTEUR? - SolidSoft\",\"isPartOf\":{\"@id\":\"https:\/\/solidsoft-tray.com\/#website\"},\"primaryImageOfPage\":{\"@id\":\"https:\/\/solidsoft-tray.com\/fr\/vous-voulez-devenir-distributeur\/#primaryimage\"},\"image\":{\"@id\":\"https:\/\/solidsoft-tray.com\/fr\/vous-voulez-devenir-distributeur\/#primaryimage\"},\"thumbnailUrl\":\"http:\/\/solidsoft-tray.com\/wp-content\/uploads\/2020\/05\/encuadre-textos-solidsoft1.png\",\"datePublished\":\"2020-09-15T09:49:25+00:00\",\"dateModified\":\"2024-11-29T08:35:52+00:00\",\"breadcrumb\":{\"@id\":\"https:\/\/solidsoft-tray.com\/fr\/vous-voulez-devenir-distributeur\/#breadcrumb\"},\"inLanguage\":\"fr-FR\",\"potentialAction\":[{\"@type\":\"ReadAction\",\"target\":[\"https:\/\/solidsoft-tray.com\/fr\/vous-voulez-devenir-distributeur\/\"]}]},{\"@type\":\"ImageObject\",\"inLanguage\":\"fr-FR\",\"@id\":\"https:\/\/solidsoft-tray.com\/fr\/vous-voulez-devenir-distributeur\/#primaryimage\",\"url\":\"http:\/\/solidsoft-tray.com\/wp-content\/uploads\/2020\/05\/encuadre-textos-solidsoft1.png\",\"contentUrl\":\"http:\/\/solidsoft-tray.com\/wp-content\/uploads\/2020\/05\/encuadre-textos-solidsoft1.png\"},{\"@type\":\"BreadcrumbList\",\"@id\":\"https:\/\/solidsoft-tray.com\/fr\/vous-voulez-devenir-distributeur\/#breadcrumb\",\"itemListElement\":[{\"@type\":\"ListItem\",\"position\":1,\"name\":\"Portada\",\"item\":\"https:\/\/solidsoft-tray.com\/\"},{\"@type\":\"ListItem\",\"position\":2,\"name\":\"VOUS VOULEZ DEVENIR DISTRIBUTEUR?\"}]},{\"@type\":\"WebSite\",\"@id\":\"https:\/\/solidsoft-tray.com\/#website\",\"url\":\"https:\/\/solidsoft-tray.com\/\",\"name\":\"SolidSoft\",\"description\":\"El plato de ducha flexible\",\"potentialAction\":[{\"@type\":\"SearchAction\",\"target\":{\"@type\":\"EntryPoint\",\"urlTemplate\":\"https:\/\/solidsoft-tray.com\/?s={search_term_string}\"},\"query-input\":{\"@type\":\"PropertyValueSpecification\",\"valueRequired\":true,\"valueName\":\"search_term_string\"}}],\"inLanguage\":\"fr-FR\"}]}<\/script>\n<!-- \/ Yoast SEO plugin. -->","yoast_head_json":{"title":"VOUS VOULEZ DEVENIR DISTRIBUTEUR? - SolidSoft","robots":{"index":"index","follow":"follow","max-snippet":"max-snippet:-1","max-image-preview":"max-image-preview:large","max-video-preview":"max-video-preview:-1"},"canonical":"https:\/\/solidsoft-tray.com\/fr\/vous-voulez-devenir-distributeur\/","og_locale":"fr_FR","og_type":"article","og_title":"VOUS VOULEZ DEVENIR DISTRIBUTEUR? - SolidSoft","og_description":"VOUS VOULEZ DEVENIR DISTRIBUTEUR? AVANTAGES DU PRODUIT Innovateur, dot\u00e9 d\u2019une valeur ajout\u00e9e \u00e9lev\u00e9e P\u00e9n\u00e9tration rapide sur le march\u00e9 Renforcement du portefeuille de produits Croissance rapide des ventes 10 ans de garantie J&#8217;ai lu et j&#8217;accepte les termes et conditions de ce site. &#916;","og_url":"https:\/\/solidsoft-tray.com\/fr\/vous-voulez-devenir-distributeur\/","og_site_name":"SolidSoft","article_modified_time":"2024-11-29T08:35:52+00:00","og_image":[{"url":"http:\/\/solidsoft-tray.com\/wp-content\/uploads\/2020\/05\/encuadre-textos-solidsoft1.png","type":"","width":"","height":""}],"twitter_card":"summary_large_image","twitter_misc":{"Est. reading time":"1 minute"},"schema":{"@context":"https:\/\/schema.org","@graph":[{"@type":"WebPage","@id":"https:\/\/solidsoft-tray.com\/fr\/vous-voulez-devenir-distributeur\/","url":"https:\/\/solidsoft-tray.com\/fr\/vous-voulez-devenir-distributeur\/","name":"VOUS VOULEZ DEVENIR DISTRIBUTEUR? - SolidSoft","isPartOf":{"@id":"https:\/\/solidsoft-tray.com\/#website"},"primaryImageOfPage":{"@id":"https:\/\/solidsoft-tray.com\/fr\/vous-voulez-devenir-distributeur\/#primaryimage"},"image":{"@id":"https:\/\/solidsoft-tray.com\/fr\/vous-voulez-devenir-distributeur\/#primaryimage"},"thumbnailUrl":"http:\/\/solidsoft-tray.com\/wp-content\/uploads\/2020\/05\/encuadre-textos-solidsoft1.png","datePublished":"2020-09-15T09:49:25+00:00","dateModified":"2024-11-29T08:35:52+00:00","breadcrumb":{"@id":"https:\/\/solidsoft-tray.com\/fr\/vous-voulez-devenir-distributeur\/#breadcrumb"},"inLanguage":"fr-FR","potentialAction":[{"@type":"ReadAction","target":["https:\/\/solidsoft-tray.com\/fr\/vous-voulez-devenir-distributeur\/"]}]},{"@type":"ImageObject","inLanguage":"fr-FR","@id":"https:\/\/solidsoft-tray.com\/fr\/vous-voulez-devenir-distributeur\/#primaryimage","url":"http:\/\/solidsoft-tray.com\/wp-content\/uploads\/2020\/05\/encuadre-textos-solidsoft1.png","contentUrl":"http:\/\/solidsoft-tray.com\/wp-content\/uploads\/2020\/05\/encuadre-textos-solidsoft1.png"},{"@type":"BreadcrumbList","@id":"https:\/\/solidsoft-tray.com\/fr\/vous-voulez-devenir-distributeur\/#breadcrumb","itemListElement":[{"@type":"ListItem","position":1,"name":"Portada","item":"https:\/\/solidsoft-tray.com\/"},{"@type":"ListItem","position":2,"name":"VOUS VOULEZ DEVENIR DISTRIBUTEUR?"}]},{"@type":"WebSite","@id":"https:\/\/solidsoft-tray.com\/#website","url":"https:\/\/solidsoft-tray.com\/","name":"SolidSoft","description":"El plato de ducha flexible","potentialAction":[{"@type":"SearchAction","target":{"@type":"EntryPoint","urlTemplate":"https:\/\/solidsoft-tray.com\/?s={search_term_string}"},"query-input":{"@type":"PropertyValueSpecification","valueRequired":true,"valueName":"search_term_string"}}],"inLanguage":"fr-FR"}]}},"_links":{"self":[{"href":"https:\/\/solidsoft-tray.com\/fr\/wp-json\/wp\/v2\/pages\/9366","targetHints":{"allow":["GET"]}}],"collection":[{"href":"https:\/\/solidsoft-tray.com\/fr\/wp-json\/wp\/v2\/pages"}],"about":[{"href":"https:\/\/solidsoft-tray.com\/fr\/wp-json\/wp\/v2\/types\/page"}],"author":[{"embeddable":true,"href":"https:\/\/solidsoft-tray.com\/fr\/wp-json\/wp\/v2\/users\/1"}],"replies":[{"embeddable":true,"href":"https:\/\/solidsoft-tray.com\/fr\/wp-json\/wp\/v2\/comments?post=9366"}],"version-history":[{"count":0,"href":"https:\/\/solidsoft-tray.com\/fr\/wp-json\/wp\/v2\/pages\/9366\/revisions"}],"wp:attachment":[{"href":"https:\/\/solidsoft-tray.com\/fr\/wp-json\/wp\/v2\/media?parent=9366"}],"curies":[{"name":"wp","href":"https:\/\/api.w.org\/{rel}","templated":true}]}}