{"id":8820,"date":"2020-07-31T10:52:38","date_gmt":"2020-07-31T10:52:38","guid":{"rendered":"https:\/\/solidsoft-tray.com\/inspiration\/"},"modified":"2020-12-09T08:53:55","modified_gmt":"2020-12-09T08:53:55","slug":"inspiration","status":"publish","type":"page","link":"https:\/\/solidsoft-tray.com\/fr\/inspiration\/","title":{"rendered":"Inspiration"},"content":{"rendered":"\t\t<div data-elementor-type=\"wp-page\" data-elementor-id=\"8820\" class=\"elementor elementor-8820 elementor-7739\" data-elementor-post-type=\"page\">\n\t\t\t\t\t\t<section class=\"elementor-section elementor-top-section elementor-element elementor-element-2af3379 elementor-section-boxed elementor-section-height-default elementor-section-height-default exad-glass-effect-no exad-sticky-section-no\" data-id=\"2af3379\" data-element_type=\"section\" data-e-type=\"section\" data-settings=\"{&quot;jet_parallax_layout_list&quot;:[{&quot;jet_parallax_layout_image&quot;:{&quot;url&quot;:&quot;&quot;,&quot;id&quot;:&quot;&quot;,&quot;size&quot;:&quot;&quot;},&quot;_id&quot;:&quot;115989b&quot;,&quot;jet_parallax_layout_image_tablet&quot;:{&quot;url&quot;:&quot;&quot;,&quot;id&quot;:&quot;&quot;,&quot;size&quot;:&quot;&quot;},&quot;jet_parallax_layout_image_mobile&quot;:{&quot;url&quot;:&quot;&quot;,&quot;id&quot;:&quot;&quot;,&quot;size&quot;:&quot;&quot;},&quot;jet_parallax_layout_speed&quot;:{&quot;unit&quot;:&quot;%&quot;,&quot;size&quot;:50,&quot;sizes&quot;:[]},&quot;jet_parallax_layout_type&quot;:&quot;scroll&quot;,&quot;jet_parallax_layout_direction&quot;:&quot;1&quot;,&quot;jet_parallax_layout_fx_direction&quot;:null,&quot;jet_parallax_layout_z_index&quot;:&quot;&quot;,&quot;jet_parallax_layout_bg_x&quot;:50,&quot;jet_parallax_layout_bg_x_tablet&quot;:&quot;&quot;,&quot;jet_parallax_layout_bg_x_mobile&quot;:&quot;&quot;,&quot;jet_parallax_layout_bg_y&quot;:50,&quot;jet_parallax_layout_bg_y_tablet&quot;:&quot;&quot;,&quot;jet_parallax_layout_bg_y_mobile&quot;:&quot;&quot;,&quot;jet_parallax_layout_bg_size&quot;:&quot;auto&quot;,&quot;jet_parallax_layout_bg_size_tablet&quot;:&quot;&quot;,&quot;jet_parallax_layout_bg_size_mobile&quot;:&quot;&quot;,&quot;jet_parallax_layout_animation_prop&quot;:&quot;transform&quot;,&quot;jet_parallax_layout_on&quot;:[&quot;desktop&quot;,&quot;tablet&quot;]}]}\">\n\t\t\t\t\t\t<div class=\"elementor-container elementor-column-gap-default\">\n\t\t\t\t\t<div class=\"elementor-column elementor-col-100 elementor-top-column elementor-element elementor-element-361c04e exad-glass-effect-no exad-sticky-section-no\" data-id=\"361c04e\" data-element_type=\"column\" data-e-type=\"column\">\n\t\t\t<div class=\"elementor-widget-wrap elementor-element-populated\">\n\t\t\t\t\t\t<div class=\"elementor-element elementor-element-3339865 exad-sticky-section-no exad-glass-effect-no elementor-invisible elementor-widget elementor-widget-text-editor\" data-id=\"3339865\" data-element_type=\"widget\" data-e-type=\"widget\" data-settings=\"{&quot;_animation&quot;:&quot;zoomIn&quot;}\" data-widget_type=\"text-editor.default\">\n\t\t\t\t<div class=\"elementor-widget-container\">\n\t\t\t\t\t\t\t\t\t<p><img decoding=\"async\" class=\"wp-image-8740 alignleft\" src=\"https:\/\/solidsoft-tray.com\/wp-content\/uploads\/2020\/05\/encuadre-textos-solidsoft1.png\" alt=\"\" width=\"24\" height=\"24\" srcset=\"https:\/\/solidsoft-tray.com\/wp-content\/uploads\/2020\/05\/encuadre-textos-solidsoft1.png 192w, https:\/\/solidsoft-tray.com\/wp-content\/uploads\/2020\/05\/encuadre-textos-solidsoft1-100x100.png 100w, https:\/\/solidsoft-tray.com\/wp-content\/uploads\/2020\/05\/encuadre-textos-solidsoft1-150x150.png 150w\" sizes=\"(max-width: 24px) 100vw, 24px\" \/><\/p>\n\t\t\t\t\t\t\t\t<\/div>\n\t\t\t\t<\/div>\n\t\t\t\t<div class=\"elementor-element elementor-element-3a90a07 exad-sticky-section-no exad-glass-effect-no elementor-invisible elementor-widget elementor-widget-text-editor\" data-id=\"3a90a07\" data-element_type=\"widget\" data-e-type=\"widget\" data-settings=\"{&quot;_animation&quot;:&quot;fadeIn&quot;,&quot;_animation_delay&quot;:300}\" data-widget_type=\"text-editor.default\">\n\t\t\t\t<div class=\"elementor-widget-container\">\n\t\t\t\t\t\t\t\t\t<h2 style=\"font-weight: 600; font-size: 38px;\">INSPIRATION <span style=\"color: #c69b65;\">SOLIDSOFT<\/span><\/h2>\n\t\t\t\t\t\t\t\t<\/div>\n\t\t\t\t<\/div>\n\t\t\t\t<div class=\"elementor-element elementor-element-aa2bd34 exad-sticky-section-no exad-glass-effect-no elementor-invisible elementor-widget elementor-widget-text-editor\" data-id=\"aa2bd34\" data-element_type=\"widget\" data-e-type=\"widget\" data-settings=\"{&quot;_animation&quot;:&quot;fadeIn&quot;,&quot;_animation_delay&quot;:300}\" data-widget_type=\"text-editor.default\">\n\t\t\t\t<div class=\"elementor-widget-container\">\n\t\t\t\t\t\t\t\t\t<p>SolidSoft, le <strong>receveur de douche souple<\/strong> qui inspire votre nouvelle vie.<br \/>\nNous vous montrons des environnements de r\u00eave qui serviront d&#8217;inspiration pour personnaliser votre espace de douche avec votre propre caract\u00e8re.<\/p>\n\t\t\t\t\t\t\t\t<\/div>\n\t\t\t\t<\/div>\n\t\t\t\t<div class=\"elementor-element elementor-element-1ec7431 exad-sticky-section-no exad-glass-effect-no elementor-invisible elementor-widget elementor-widget-text-editor\" data-id=\"1ec7431\" data-element_type=\"widget\" data-e-type=\"widget\" data-settings=\"{&quot;_animation&quot;:&quot;zoomIn&quot;}\" data-widget_type=\"text-editor.default\">\n\t\t\t\t<div class=\"elementor-widget-container\">\n\t\t\t\t\t\t\t\t\t<p><img decoding=\"async\" class=\"wp-image-8742 alignright\" src=\"https:\/\/solidsoft-tray.com\/wp-content\/uploads\/2020\/05\/encuadre-textos-solidsoft2.png\" alt=\"\" width=\"24\" height=\"24\" srcset=\"https:\/\/solidsoft-tray.com\/wp-content\/uploads\/2020\/05\/encuadre-textos-solidsoft2.png 192w, https:\/\/solidsoft-tray.com\/wp-content\/uploads\/2020\/05\/encuadre-textos-solidsoft2-100x100.png 100w, https:\/\/solidsoft-tray.com\/wp-content\/uploads\/2020\/05\/encuadre-textos-solidsoft2-150x150.png 150w\" sizes=\"(max-width: 24px) 100vw, 24px\" \/><\/p>\n\t\t\t\t\t\t\t\t<\/div>\n\t\t\t\t<\/div>\n\t\t\t\t\t<\/div>\n\t\t<\/div>\n\t\t\t\t\t<\/div>\n\t\t<\/section>\n\t\t\t\t<section class=\"elementor-section elementor-top-section elementor-element elementor-element-a367634 elementor-section-boxed elementor-section-height-default elementor-section-height-default exad-glass-effect-no exad-sticky-section-no\" data-id=\"a367634\" data-element_type=\"section\" data-e-type=\"section\" data-settings=\"{&quot;jet_parallax_layout_list&quot;:[{&quot;jet_parallax_layout_image&quot;:{&quot;url&quot;:&quot;&quot;,&quot;id&quot;:&quot;&quot;,&quot;size&quot;:&quot;&quot;},&quot;_id&quot;:&quot;7dfb219&quot;,&quot;jet_parallax_layout_image_tablet&quot;:{&quot;url&quot;:&quot;&quot;,&quot;id&quot;:&quot;&quot;,&quot;size&quot;:&quot;&quot;},&quot;jet_parallax_layout_image_mobile&quot;:{&quot;url&quot;:&quot;&quot;,&quot;id&quot;:&quot;&quot;,&quot;size&quot;:&quot;&quot;},&quot;jet_parallax_layout_speed&quot;:{&quot;unit&quot;:&quot;%&quot;,&quot;size&quot;:50,&quot;sizes&quot;:[]},&quot;jet_parallax_layout_type&quot;:&quot;scroll&quot;,&quot;jet_parallax_layout_direction&quot;:&quot;1&quot;,&quot;jet_parallax_layout_fx_direction&quot;:null,&quot;jet_parallax_layout_z_index&quot;:&quot;&quot;,&quot;jet_parallax_layout_bg_x&quot;:50,&quot;jet_parallax_layout_bg_x_tablet&quot;:&quot;&quot;,&quot;jet_parallax_layout_bg_x_mobile&quot;:&quot;&quot;,&quot;jet_parallax_layout_bg_y&quot;:50,&quot;jet_parallax_layout_bg_y_tablet&quot;:&quot;&quot;,&quot;jet_parallax_layout_bg_y_mobile&quot;:&quot;&quot;,&quot;jet_parallax_layout_bg_size&quot;:&quot;auto&quot;,&quot;jet_parallax_layout_bg_size_tablet&quot;:&quot;&quot;,&quot;jet_parallax_layout_bg_size_mobile&quot;:&quot;&quot;,&quot;jet_parallax_layout_animation_prop&quot;:&quot;transform&quot;,&quot;jet_parallax_layout_on&quot;:[&quot;desktop&quot;,&quot;tablet&quot;]}]}\">\n\t\t\t\t\t\t<div class=\"elementor-container elementor-column-gap-default\">\n\t\t\t\t\t<div class=\"elementor-column elementor-col-100 elementor-top-column elementor-element elementor-element-393d0bd exad-glass-effect-no exad-sticky-section-no\" data-id=\"393d0bd\" data-element_type=\"column\" data-e-type=\"column\">\n\t\t\t<div class=\"elementor-widget-wrap elementor-element-populated\">\n\t\t\t\t\t\t<div class=\"elementor-element elementor-element-a6ba867 elementor-arrows-position-outside exad-sticky-section-no exad-glass-effect-no elementor-widget elementor-widget-image-carousel\" data-id=\"a6ba867\" data-element_type=\"widget\" data-e-type=\"widget\" data-settings=\"{&quot;slides_to_show&quot;:&quot;1&quot;,&quot;navigation&quot;:&quot;arrows&quot;,&quot;speed&quot;:900,&quot;effect&quot;:&quot;fade&quot;,&quot;autoplay_speed&quot;:6500,&quot;autoplay&quot;:&quot;yes&quot;,&quot;pause_on_hover&quot;:&quot;yes&quot;,&quot;pause_on_interaction&quot;:&quot;yes&quot;,&quot;infinite&quot;:&quot;yes&quot;}\" data-widget_type=\"image-carousel.default\">\n\t\t\t\t<div class=\"elementor-widget-container\">\n\t\t\t\t\t\t\t<div class=\"elementor-image-carousel-wrapper swiper\" role=\"region\" aria-roledescription=\"carousel\" aria-label=\"Image Carousel\" dir=\"ltr\">\n\t\t\t<div class=\"elementor-image-carousel swiper-wrapper swiper-image-stretch\" aria-live=\"off\">\n\t\t\t\t\t\t\t\t<div class=\"swiper-slide\" role=\"group\" aria-roledescription=\"slide\" aria-label=\"1 of 4\"><figure class=\"swiper-slide-inner\"><img decoding=\"async\" class=\"swiper-slide-image\" src=\"https:\/\/solidsoft-tray.com\/wp-content\/uploads\/2020\/08\/inspiracion-ambiente-mediterraneo.jpg\" alt=\"Receveur de douche flexible \u00e0 drain lin\u00e9aire blanc Inspiration\" \/><figcaption class=\"elementor-image-carousel-caption\">Et \u00e0 la fin de la journ\u00e9e \u2026 fermez les yeux, sentez l\u2019eau rafraichissante rendant votre peau lisse et imaginez que vous \u00eates encore en train de marcher sur le sable doux d\u2019une plage de la M\u00e9diterran\u00e9e. D\u00e9couvrez une incroyable sensation de libert\u00e9, de s\u00e9curit\u00e9 et de confort.<\/figcaption><\/figure><\/div><div class=\"swiper-slide\" role=\"group\" aria-roledescription=\"slide\" aria-label=\"2 of 4\"><figure class=\"swiper-slide-inner\"><img decoding=\"async\" class=\"swiper-slide-image\" src=\"https:\/\/solidsoft-tray.com\/wp-content\/uploads\/2020\/06\/inspiracion-primavera-provenzal.jpg\" alt=\"Receveur de douche SolidSoft drain carr\u00e9 couleur b\u00e9ton dans un environnement proven\u00e7al\" \/><figcaption class=\"elementor-image-carousel-caption\">Une salle de bain avec son prope caract\u00e8re qui permet de r\u00e9v\u00e9ler les espaces les plus intimes au lieu de les cacher, avec vue sur un jardin des des plantes aromatiques. L\u2019authenticit\u00e9, qui semble avoir travers\u00e9 le temps....<\/figcaption><\/figure><\/div><div class=\"swiper-slide\" role=\"group\" aria-roledescription=\"slide\" aria-label=\"3 of 4\"><figure class=\"swiper-slide-inner\"><img decoding=\"async\" class=\"swiper-slide-image\" src=\"https:\/\/solidsoft-tray.com\/wp-content\/uploads\/2020\/05\/inspiracion-canadian-mood.jpg\" alt=\"Receveur de douche noir doux dans un environnement en bois\" \/><figcaption class=\"elementor-image-carousel-caption\">Imaginez une salle de bain avec des belles vues \u00e0 la montagne. Fuyez votre vie stressante. Rejoignez votre refuge et d\u00e9tendez-vous gr\u00e2ce \u00e0 une exp\u00e9rience de douche silencieuse sur le receveur \u00ab coussin d\u2019eau \u00bb SolidSoft.<\/figcaption><\/figure><\/div><div class=\"swiper-slide\" role=\"group\" aria-roledescription=\"slide\" aria-label=\"4 of 4\"><figure class=\"swiper-slide-inner\"><img decoding=\"async\" class=\"swiper-slide-image\" src=\"https:\/\/solidsoft-tray.com\/wp-content\/uploads\/2020\/06\/inspiracion-calidez-nordica.jpg\" alt=\"Ambiance nordique avec receveur de douche hors sol flexible\" \/><figcaption class=\"elementor-image-carousel-caption\">Imaginez un espace ouvert original avec une simplicit\u00e9 \u00e9l\u00e9gante et vivez une exp\u00e9rience douche agr\u00e9able \u00e0 l\u2019effet relaxant qui ne finit jamais, m\u00eame les jours d\u2019hiver.<\/figcaption><\/figure><\/div>\t\t\t<\/div>\n\t\t\t\t\t\t\t\t\t\t\t\t<div class=\"elementor-swiper-button elementor-swiper-button-prev\" role=\"button\" tabindex=\"0\">\n\t\t\t\t\t\t<i aria-hidden=\"true\" class=\"eicon-chevron-left\"><\/i>\t\t\t\t\t<\/div>\n\t\t\t\t\t<div class=\"elementor-swiper-button elementor-swiper-button-next\" role=\"button\" tabindex=\"0\">\n\t\t\t\t\t\t<i aria-hidden=\"true\" class=\"eicon-chevron-right\"><\/i>\t\t\t\t\t<\/div>\n\t\t\t\t\n\t\t\t\t\t\t\t\t\t<\/div>\n\t\t\t\t\t\t<\/div>\n\t\t\t\t<\/div>\n\t\t\t\t\t<\/div>\n\t\t<\/div>\n\t\t\t\t\t<\/div>\n\t\t<\/section>\n\t\t\t\t<section class=\"elementor-section elementor-top-section elementor-element elementor-element-7819184 elementor-section-full_width elementor-section-height-default elementor-section-height-default exad-glass-effect-no exad-sticky-section-no\" data-id=\"7819184\" data-element_type=\"section\" data-e-type=\"section\" data-settings=\"{&quot;jet_parallax_layout_list&quot;:[{&quot;jet_parallax_layout_image&quot;:{&quot;url&quot;:&quot;&quot;,&quot;id&quot;:&quot;&quot;,&quot;size&quot;:&quot;&quot;},&quot;_id&quot;:&quot;f3c9168&quot;,&quot;jet_parallax_layout_image_tablet&quot;:{&quot;url&quot;:&quot;&quot;,&quot;id&quot;:&quot;&quot;,&quot;size&quot;:&quot;&quot;},&quot;jet_parallax_layout_image_mobile&quot;:{&quot;url&quot;:&quot;&quot;,&quot;id&quot;:&quot;&quot;,&quot;size&quot;:&quot;&quot;},&quot;jet_parallax_layout_speed&quot;:{&quot;unit&quot;:&quot;%&quot;,&quot;size&quot;:50,&quot;sizes&quot;:[]},&quot;jet_parallax_layout_type&quot;:&quot;scroll&quot;,&quot;jet_parallax_layout_direction&quot;:&quot;1&quot;,&quot;jet_parallax_layout_fx_direction&quot;:null,&quot;jet_parallax_layout_z_index&quot;:&quot;&quot;,&quot;jet_parallax_layout_bg_x&quot;:50,&quot;jet_parallax_layout_bg_x_tablet&quot;:&quot;&quot;,&quot;jet_parallax_layout_bg_x_mobile&quot;:&quot;&quot;,&quot;jet_parallax_layout_bg_y&quot;:50,&quot;jet_parallax_layout_bg_y_tablet&quot;:&quot;&quot;,&quot;jet_parallax_layout_bg_y_mobile&quot;:&quot;&quot;,&quot;jet_parallax_layout_bg_size&quot;:&quot;auto&quot;,&quot;jet_parallax_layout_bg_size_tablet&quot;:&quot;&quot;,&quot;jet_parallax_layout_bg_size_mobile&quot;:&quot;&quot;,&quot;jet_parallax_layout_animation_prop&quot;:&quot;transform&quot;,&quot;jet_parallax_layout_on&quot;:[&quot;desktop&quot;,&quot;tablet&quot;]}],&quot;background_background&quot;:&quot;classic&quot;}\">\n\t\t\t\t\t\t<div class=\"elementor-container elementor-column-gap-default\">\n\t\t\t\t\t<div class=\"elementor-column elementor-col-100 elementor-top-column elementor-element elementor-element-8c00ef0 exad-glass-effect-no exad-sticky-section-no\" data-id=\"8c00ef0\" data-element_type=\"column\" data-e-type=\"column\">\n\t\t\t<div class=\"elementor-widget-wrap elementor-element-populated\">\n\t\t\t\t\t\t<div class=\"elementor-element elementor-element-e528ae2 elementor-align-center exad-sticky-section-no exad-glass-effect-no elementor-invisible elementor-widget elementor-widget-button\" data-id=\"e528ae2\" data-element_type=\"widget\" data-e-type=\"widget\" data-settings=\"{&quot;_animation&quot;:&quot;fadeInUp&quot;}\" data-widget_type=\"button.default\">\n\t\t\t\t<div class=\"elementor-widget-container\">\n\t\t\t\t\t\t\t\t\t<div class=\"elementor-button-wrapper\">\n\t\t\t\t\t<a class=\"elementor-button elementor-button-link elementor-size-sm\" href=\"https:\/\/solidsoft-tray.com\/en\/producto\/flexible-shower-tray\/\">\n\t\t\t\t\t\t<span class=\"elementor-button-content-wrapper\">\n\t\t\t\t\t\t\t\t\t<span class=\"elementor-button-text\">VOIR PRODUIT<\/span>\n\t\t\t\t\t<\/span>\n\t\t\t\t\t<\/a>\n\t\t\t\t<\/div>\n\t\t\t\t\t\t\t\t<\/div>\n\t\t\t\t<\/div>\n\t\t\t\t\t<\/div>\n\t\t<\/div>\n\t\t\t\t\t<\/div>\n\t\t<\/section>\n\t\t\t\t<\/div>\n\t\t","protected":false},"excerpt":{"rendered":"<p>INSPIRATION SOLIDSOFT SolidSoft, le receveur de douche souple qui inspire votre nouvelle vie. Nous vous montrons des environnements de r\u00eave qui serviront d&#8217;inspiration pour personnaliser votre espace de douche avec votre propre caract\u00e8re. Y al final del d\u00eda&#8230;cierra los ojos, siente el agua fresca que suaviza tu piel e imagina que todav\u00eda caminas sobre la [&hellip;]<\/p>\n","protected":false},"author":1,"featured_media":0,"parent":0,"menu_order":0,"comment_status":"closed","ping_status":"closed","template":"elementor_header_footer","meta":{"footnotes":""},"class_list":["post-8820","page","type-page","status-publish","hentry"],"yoast_head":"<!-- This site is optimized with the Yoast SEO plugin v27.2 - https:\/\/yoast.com\/product\/yoast-seo-wordpress\/ -->\n<title>Inspiration - SolidSoft<\/title>\n<meta name=\"robots\" content=\"index, follow, max-snippet:-1, max-image-preview:large, max-video-preview:-1\" \/>\n<link rel=\"canonical\" href=\"https:\/\/solidsoft-tray.com\/fr\/inspiration\/\" \/>\n<meta property=\"og:locale\" content=\"fr_FR\" \/>\n<meta property=\"og:type\" content=\"article\" \/>\n<meta property=\"og:title\" content=\"Inspiration - SolidSoft\" \/>\n<meta property=\"og:description\" content=\"INSPIRATION SOLIDSOFT SolidSoft, le receveur de douche souple qui inspire votre nouvelle vie. Nous vous montrons des environnements de r\u00eave qui serviront d&#8217;inspiration pour personnaliser votre espace de douche avec votre propre caract\u00e8re. Y al final del d\u00eda&#8230;cierra los ojos, siente el agua fresca que suaviza tu piel e imagina que todav\u00eda caminas sobre la [&hellip;]\" \/>\n<meta property=\"og:url\" content=\"https:\/\/solidsoft-tray.com\/fr\/inspiration\/\" \/>\n<meta property=\"og:site_name\" content=\"SolidSoft\" \/>\n<meta property=\"article:modified_time\" content=\"2020-12-09T08:53:55+00:00\" \/>\n<meta property=\"og:image\" content=\"http:\/\/solidsoft-tray.com\/wp-content\/uploads\/2020\/05\/encuadre-textos-solidsoft1.png\" \/>\n<meta name=\"twitter:card\" content=\"summary_large_image\" \/>\n<meta name=\"twitter:label1\" content=\"Est. reading time\" \/>\n\t<meta name=\"twitter:data1\" content=\"1 minute\" \/>\n<script type=\"application\/ld+json\" class=\"yoast-schema-graph\">{\"@context\":\"https:\/\/schema.org\",\"@graph\":[{\"@type\":\"WebPage\",\"@id\":\"https:\/\/solidsoft-tray.com\/fr\/inspiration\/\",\"url\":\"https:\/\/solidsoft-tray.com\/fr\/inspiration\/\",\"name\":\"Inspiration - SolidSoft\",\"isPartOf\":{\"@id\":\"https:\/\/solidsoft-tray.com\/#website\"},\"primaryImageOfPage\":{\"@id\":\"https:\/\/solidsoft-tray.com\/fr\/inspiration\/#primaryimage\"},\"image\":{\"@id\":\"https:\/\/solidsoft-tray.com\/fr\/inspiration\/#primaryimage\"},\"thumbnailUrl\":\"http:\/\/solidsoft-tray.com\/wp-content\/uploads\/2020\/05\/encuadre-textos-solidsoft1.png\",\"datePublished\":\"2020-07-31T10:52:38+00:00\",\"dateModified\":\"2020-12-09T08:53:55+00:00\",\"breadcrumb\":{\"@id\":\"https:\/\/solidsoft-tray.com\/fr\/inspiration\/#breadcrumb\"},\"inLanguage\":\"fr-FR\",\"potentialAction\":[{\"@type\":\"ReadAction\",\"target\":[\"https:\/\/solidsoft-tray.com\/fr\/inspiration\/\"]}]},{\"@type\":\"ImageObject\",\"inLanguage\":\"fr-FR\",\"@id\":\"https:\/\/solidsoft-tray.com\/fr\/inspiration\/#primaryimage\",\"url\":\"http:\/\/solidsoft-tray.com\/wp-content\/uploads\/2020\/05\/encuadre-textos-solidsoft1.png\",\"contentUrl\":\"http:\/\/solidsoft-tray.com\/wp-content\/uploads\/2020\/05\/encuadre-textos-solidsoft1.png\"},{\"@type\":\"BreadcrumbList\",\"@id\":\"https:\/\/solidsoft-tray.com\/fr\/inspiration\/#breadcrumb\",\"itemListElement\":[{\"@type\":\"ListItem\",\"position\":1,\"name\":\"Portada\",\"item\":\"https:\/\/solidsoft-tray.com\/\"},{\"@type\":\"ListItem\",\"position\":2,\"name\":\"Inspiration\"}]},{\"@type\":\"WebSite\",\"@id\":\"https:\/\/solidsoft-tray.com\/#website\",\"url\":\"https:\/\/solidsoft-tray.com\/\",\"name\":\"SolidSoft\",\"description\":\"El plato de ducha flexible\",\"potentialAction\":[{\"@type\":\"SearchAction\",\"target\":{\"@type\":\"EntryPoint\",\"urlTemplate\":\"https:\/\/solidsoft-tray.com\/?s={search_term_string}\"},\"query-input\":{\"@type\":\"PropertyValueSpecification\",\"valueRequired\":true,\"valueName\":\"search_term_string\"}}],\"inLanguage\":\"fr-FR\"}]}<\/script>\n<!-- \/ Yoast SEO plugin. -->","yoast_head_json":{"title":"Inspiration - SolidSoft","robots":{"index":"index","follow":"follow","max-snippet":"max-snippet:-1","max-image-preview":"max-image-preview:large","max-video-preview":"max-video-preview:-1"},"canonical":"https:\/\/solidsoft-tray.com\/fr\/inspiration\/","og_locale":"fr_FR","og_type":"article","og_title":"Inspiration - SolidSoft","og_description":"INSPIRATION SOLIDSOFT SolidSoft, le receveur de douche souple qui inspire votre nouvelle vie. Nous vous montrons des environnements de r\u00eave qui serviront d&#8217;inspiration pour personnaliser votre espace de douche avec votre propre caract\u00e8re. Y al final del d\u00eda&#8230;cierra los ojos, siente el agua fresca que suaviza tu piel e imagina que todav\u00eda caminas sobre la [&hellip;]","og_url":"https:\/\/solidsoft-tray.com\/fr\/inspiration\/","og_site_name":"SolidSoft","article_modified_time":"2020-12-09T08:53:55+00:00","og_image":[{"url":"http:\/\/solidsoft-tray.com\/wp-content\/uploads\/2020\/05\/encuadre-textos-solidsoft1.png","type":"","width":"","height":""}],"twitter_card":"summary_large_image","twitter_misc":{"Est. reading time":"1 minute"},"schema":{"@context":"https:\/\/schema.org","@graph":[{"@type":"WebPage","@id":"https:\/\/solidsoft-tray.com\/fr\/inspiration\/","url":"https:\/\/solidsoft-tray.com\/fr\/inspiration\/","name":"Inspiration - SolidSoft","isPartOf":{"@id":"https:\/\/solidsoft-tray.com\/#website"},"primaryImageOfPage":{"@id":"https:\/\/solidsoft-tray.com\/fr\/inspiration\/#primaryimage"},"image":{"@id":"https:\/\/solidsoft-tray.com\/fr\/inspiration\/#primaryimage"},"thumbnailUrl":"http:\/\/solidsoft-tray.com\/wp-content\/uploads\/2020\/05\/encuadre-textos-solidsoft1.png","datePublished":"2020-07-31T10:52:38+00:00","dateModified":"2020-12-09T08:53:55+00:00","breadcrumb":{"@id":"https:\/\/solidsoft-tray.com\/fr\/inspiration\/#breadcrumb"},"inLanguage":"fr-FR","potentialAction":[{"@type":"ReadAction","target":["https:\/\/solidsoft-tray.com\/fr\/inspiration\/"]}]},{"@type":"ImageObject","inLanguage":"fr-FR","@id":"https:\/\/solidsoft-tray.com\/fr\/inspiration\/#primaryimage","url":"http:\/\/solidsoft-tray.com\/wp-content\/uploads\/2020\/05\/encuadre-textos-solidsoft1.png","contentUrl":"http:\/\/solidsoft-tray.com\/wp-content\/uploads\/2020\/05\/encuadre-textos-solidsoft1.png"},{"@type":"BreadcrumbList","@id":"https:\/\/solidsoft-tray.com\/fr\/inspiration\/#breadcrumb","itemListElement":[{"@type":"ListItem","position":1,"name":"Portada","item":"https:\/\/solidsoft-tray.com\/"},{"@type":"ListItem","position":2,"name":"Inspiration"}]},{"@type":"WebSite","@id":"https:\/\/solidsoft-tray.com\/#website","url":"https:\/\/solidsoft-tray.com\/","name":"SolidSoft","description":"El plato de ducha flexible","potentialAction":[{"@type":"SearchAction","target":{"@type":"EntryPoint","urlTemplate":"https:\/\/solidsoft-tray.com\/?s={search_term_string}"},"query-input":{"@type":"PropertyValueSpecification","valueRequired":true,"valueName":"search_term_string"}}],"inLanguage":"fr-FR"}]}},"_links":{"self":[{"href":"https:\/\/solidsoft-tray.com\/fr\/wp-json\/wp\/v2\/pages\/8820","targetHints":{"allow":["GET"]}}],"collection":[{"href":"https:\/\/solidsoft-tray.com\/fr\/wp-json\/wp\/v2\/pages"}],"about":[{"href":"https:\/\/solidsoft-tray.com\/fr\/wp-json\/wp\/v2\/types\/page"}],"author":[{"embeddable":true,"href":"https:\/\/solidsoft-tray.com\/fr\/wp-json\/wp\/v2\/users\/1"}],"replies":[{"embeddable":true,"href":"https:\/\/solidsoft-tray.com\/fr\/wp-json\/wp\/v2\/comments?post=8820"}],"version-history":[{"count":0,"href":"https:\/\/solidsoft-tray.com\/fr\/wp-json\/wp\/v2\/pages\/8820\/revisions"}],"wp:attachment":[{"href":"https:\/\/solidsoft-tray.com\/fr\/wp-json\/wp\/v2\/media?parent=8820"}],"curies":[{"name":"wp","href":"https:\/\/api.w.org\/{rel}","templated":true}]}}